{"id":90,"date":"2023-06-25T12:07:08","date_gmt":"2023-06-25T12:07:08","guid":{"rendered":"https:\/\/massagepraxis-baumgartner.ch\/?page_id=90"},"modified":"2023-10-18T10:08:59","modified_gmt":"2023-10-18T10:08:59","slug":"impressum","status":"publish","type":"page","link":"https:\/\/massagepraxis-baumgartner.ch\/?page_id=90","title":{"rendered":"Impressum"},"content":{"rendered":"\n<p><strong>Kontaktadresse<\/strong><\/p>\n\n\n\n<p>Baumgartner Medizinische Massage<br>Fabienne Baumgartner<br>Medizinische Masseurin EFA<br>Bruggm\u00fchlestrasse 12a<br>9403 Goldach<br>Tel.: +41 71 845 11 33<\/p>\n\n\n\n<p><a href=\"mailto:massagepraxis-baumgartner@bluewin.ch\">massagepraxis-baumgartner@bluewin.ch<\/a><\/p>\n\n\n\n<p><strong>Haftungsausschluss<\/strong><\/p>\n\n\n\n<p>Der Webseitenbetreiber \u00fcbernimmt keine Gew\u00e4hr bez\u00fcglich der inhaltlichen Korrektheit, Exaktheit, Aktualit\u00e4t, Vollst\u00e4ndigkeit oder Zuverl\u00e4ssigkeit der ver\u00f6ffentlichten Informationen. Haftungsanspr\u00fcche gegen den Webseitenbetreiber wegen materieller oder immaterieller Sch\u00e4den jeglicher Art, welche aus dem Besuch, der Nutzung oder auch Nichtnutzung der zur Verf\u00fcgung gestellten Daten, durch einen falschen Gebrauch der Internetverbindung oder durch eventuelle technische Fehler entstanden sind, werden ausgeschlossen. Alle ver\u00f6ffentlichten Angebote haben einen unverbindlichen Charakter. Der Webseitenbetreiber hat das Recht, Teile von Webseiten oder auch den gesamten Inhalt ohne vorherige Ank\u00fcndigung zu \u00e4ndern, zu erg\u00e4nzen, zu l\u00f6schen oder die Publikation teilweise oder komplett einzustellen.<\/p>\n\n\n\n<p><strong>Haftung f\u00fcr Links<\/strong><\/p>\n\n\n\n<p>Links auf Webseiten von Drittanbietern, sowie Verweise darauf, liegen au\u00dferhalb des Verantwortungsbereichs des Webseitenbetreibers. Jegliche Verantwortung f\u00fcr die Inhalte dieser Webseiten wird abgelehnt. Wer auf&nbsp;Webseiten&nbsp;von Drittanbietern zugreift, diese besucht oder nutzt, tut dies auf eigene Gefahr.<\/p>\n\n\n\n<p><strong>Urheberrechte<\/strong><\/p>\n\n\n\n<p>Das Urheberrecht sowie alle anderen Rechte an Texten, Bildern, Fotos oder Dateien auf der Webseite geh\u00f6ren ausschlie\u00dflich den Webseitenbetreiber oder den angef\u00fchrten Rechteinhabern. Die Reproduktion von Elementen bedarf der schriftlichen Zustimmung der Urheberrechtstr\u00e4ger.<\/p>\n","protected":false},"excerpt":{"rendered":"<p>Kontaktadresse Baumgartner Medizinische MassageFabienne BaumgartnerMedizinische Masseurin EFABruggm\u00fchlestrasse 12a9403 GoldachTel.: +41 71 845 11 33 massagepraxis-baumgartner@bluewin.ch Haftungsausschluss Der Webseitenbetreiber \u00fcbernimmt keine Gew\u00e4hr bez\u00fcglich der inhaltlichen Korrektheit, Exaktheit, Aktualit\u00e4t, Vollst\u00e4ndigkeit oder Zuverl\u00e4ssigkeit der ver\u00f6ffentlichten Informationen. Haftungsanspr\u00fcche gegen den Webseitenbetreiber wegen materieller oder immaterieller Sch\u00e4den jeglicher Art, welche aus dem Besuch, der Nutzung oder auch Nichtnutzung der zur [&hellip;]<\/p>\n","protected":false},"author":1,"featured_media":0,"parent":0,"menu_order":0,"comment_status":"closed","ping_status":"closed","template":"","meta":{"_et_pb_use_builder":"off","_et_pb_old_content":"","_et_gb_content_width":"2880","footnotes":""},"class_list":["post-90","page","type-page","status-publish","hentry"],"yoast_head":"<!-- This site is optimized with the Yoast SEO Premium plugin v27.3 (Yoast SEO v27.3) - https:\/\/yoast.com\/product\/yoast-seo-premium-wordpress\/ -->\n<title>Impressum - Massagepraxis Baumgartner<\/title>\n<meta name=\"robots\" content=\"index, follow, max-snippet:-1, max-image-preview:large, max-video-preview:-1\" \/>\n<link rel=\"canonical\" href=\"https:\/\/massagepraxis-baumgartner.ch\/?page_id=90\" \/>\n<meta property=\"og:locale\" content=\"de_DE\" \/>\n<meta property=\"og:type\" content=\"article\" \/>\n<meta property=\"og:title\" content=\"Impressum\" \/>\n<meta property=\"og:description\" content=\"Kontaktadresse Baumgartner Medizinische MassageFabienne BaumgartnerMedizinische Masseurin EFABruggm\u00fchlestrasse 12a9403 GoldachTel.: +41 71 845 11 33 massagepraxis-baumgartner@bluewin.ch Haftungsausschluss Der Webseitenbetreiber \u00fcbernimmt keine Gew\u00e4hr bez\u00fcglich der inhaltlichen Korrektheit, Exaktheit, Aktualit\u00e4t, Vollst\u00e4ndigkeit oder Zuverl\u00e4ssigkeit der ver\u00f6ffentlichten Informationen. Haftungsanspr\u00fcche gegen den Webseitenbetreiber wegen materieller oder immaterieller Sch\u00e4den jeglicher Art, welche aus dem Besuch, der Nutzung oder auch Nichtnutzung der zur [&hellip;]\" \/>\n<meta property=\"og:url\" content=\"https:\/\/massagepraxis-baumgartner.ch\/?page_id=90\" \/>\n<meta property=\"og:site_name\" content=\"Massagepraxis Baumgartner\" \/>\n<meta property=\"article:modified_time\" content=\"2023-10-18T10:08:59+00:00\" \/>\n<meta name=\"twitter:card\" content=\"summary_large_image\" \/>\n<meta name=\"twitter:label1\" content=\"Gesch\u00e4tzte Lesezeit\" \/>\n\t<meta name=\"twitter:data1\" content=\"1\u00a0Minute\" \/>\n<script type=\"application\/ld+json\" class=\"yoast-schema-graph\">{\"@context\":\"https:\\\/\\\/schema.org\",\"@graph\":[{\"@type\":\"WebPage\",\"@id\":\"https:\\\/\\\/massagepraxis-baumgartner.ch\\\/?page_id=90\",\"url\":\"https:\\\/\\\/massagepraxis-baumgartner.ch\\\/?page_id=90\",\"name\":\"Impressum - Massagepraxis Baumgartner\",\"isPartOf\":{\"@id\":\"https:\\\/\\\/massagepraxis-baumgartner.ch\\\/#website\"},\"datePublished\":\"2023-06-25T12:07:08+00:00\",\"dateModified\":\"2023-10-18T10:08:59+00:00\",\"breadcrumb\":{\"@id\":\"https:\\\/\\\/massagepraxis-baumgartner.ch\\\/?page_id=90#breadcrumb\"},\"inLanguage\":\"de\",\"potentialAction\":[{\"@type\":\"ReadAction\",\"target\":[\"https:\\\/\\\/massagepraxis-baumgartner.ch\\\/?page_id=90\"]}]},{\"@type\":\"BreadcrumbList\",\"@id\":\"https:\\\/\\\/massagepraxis-baumgartner.ch\\\/?page_id=90#breadcrumb\",\"itemListElement\":[{\"@type\":\"ListItem\",\"position\":1,\"name\":\"Home\",\"item\":\"https:\\\/\\\/massagepraxis-baumgartner.ch\\\/\"},{\"@type\":\"ListItem\",\"position\":2,\"name\":\"Impressum\"}]},{\"@type\":\"WebSite\",\"@id\":\"https:\\\/\\\/massagepraxis-baumgartner.ch\\\/#website\",\"url\":\"https:\\\/\\\/massagepraxis-baumgartner.ch\\\/\",\"name\":\"Massagepraxis Baumgartner\",\"description\":\"Medizinische Masseurin EFA\",\"publisher\":{\"@id\":\"https:\\\/\\\/massagepraxis-baumgartner.ch\\\/#organization\"},\"potentialAction\":[{\"@type\":\"SearchAction\",\"target\":{\"@type\":\"EntryPoint\",\"urlTemplate\":\"https:\\\/\\\/massagepraxis-baumgartner.ch\\\/?s={search_term_string}\"},\"query-input\":{\"@type\":\"PropertyValueSpecification\",\"valueRequired\":true,\"valueName\":\"search_term_string\"}}],\"inLanguage\":\"de\"},{\"@type\":\"Organization\",\"@id\":\"https:\\\/\\\/massagepraxis-baumgartner.ch\\\/#organization\",\"name\":\"Massagepraxis Baumgartner\",\"url\":\"https:\\\/\\\/massagepraxis-baumgartner.ch\\\/\",\"logo\":{\"@type\":\"ImageObject\",\"inLanguage\":\"de\",\"@id\":\"https:\\\/\\\/massagepraxis-baumgartner.ch\\\/#\\\/schema\\\/logo\\\/image\\\/\",\"url\":\"https:\\\/\\\/massagepraxis-baumgartner.ch\\\/wp-content\\\/uploads\\\/2023\\\/06\\\/Baumgartner_Logo_cmyk.png\",\"contentUrl\":\"https:\\\/\\\/massagepraxis-baumgartner.ch\\\/wp-content\\\/uploads\\\/2023\\\/06\\\/Baumgartner_Logo_cmyk.png\",\"width\":293,\"height\":82,\"caption\":\"Massagepraxis Baumgartner\"},\"image\":{\"@id\":\"https:\\\/\\\/massagepraxis-baumgartner.ch\\\/#\\\/schema\\\/logo\\\/image\\\/\"}}]}<\/script>\n<!-- \/ Yoast SEO Premium plugin. -->","yoast_head_json":{"title":"Impressum - Massagepraxis Baumgartner","robots":{"index":"index","follow":"follow","max-snippet":"max-snippet:-1","max-image-preview":"max-image-preview:large","max-video-preview":"max-video-preview:-1"},"canonical":"https:\/\/massagepraxis-baumgartner.ch\/?page_id=90","og_locale":"de_DE","og_type":"article","og_title":"Impressum","og_description":"Kontaktadresse Baumgartner Medizinische MassageFabienne BaumgartnerMedizinische Masseurin EFABruggm\u00fchlestrasse 12a9403 GoldachTel.: +41 71 845 11 33 massagepraxis-baumgartner@bluewin.ch Haftungsausschluss Der Webseitenbetreiber \u00fcbernimmt keine Gew\u00e4hr bez\u00fcglich der inhaltlichen Korrektheit, Exaktheit, Aktualit\u00e4t, Vollst\u00e4ndigkeit oder Zuverl\u00e4ssigkeit der ver\u00f6ffentlichten Informationen. Haftungsanspr\u00fcche gegen den Webseitenbetreiber wegen materieller oder immaterieller Sch\u00e4den jeglicher Art, welche aus dem Besuch, der Nutzung oder auch Nichtnutzung der zur [&hellip;]","og_url":"https:\/\/massagepraxis-baumgartner.ch\/?page_id=90","og_site_name":"Massagepraxis Baumgartner","article_modified_time":"2023-10-18T10:08:59+00:00","twitter_card":"summary_large_image","twitter_misc":{"Gesch\u00e4tzte Lesezeit":"1\u00a0Minute"},"schema":{"@context":"https:\/\/schema.org","@graph":[{"@type":"WebPage","@id":"https:\/\/massagepraxis-baumgartner.ch\/?page_id=90","url":"https:\/\/massagepraxis-baumgartner.ch\/?page_id=90","name":"Impressum - Massagepraxis Baumgartner","isPartOf":{"@id":"https:\/\/massagepraxis-baumgartner.ch\/#website"},"datePublished":"2023-06-25T12:07:08+00:00","dateModified":"2023-10-18T10:08:59+00:00","breadcrumb":{"@id":"https:\/\/massagepraxis-baumgartner.ch\/?page_id=90#breadcrumb"},"inLanguage":"de","potentialAction":[{"@type":"ReadAction","target":["https:\/\/massagepraxis-baumgartner.ch\/?page_id=90"]}]},{"@type":"BreadcrumbList","@id":"https:\/\/massagepraxis-baumgartner.ch\/?page_id=90#breadcrumb","itemListElement":[{"@type":"ListItem","position":1,"name":"Home","item":"https:\/\/massagepraxis-baumgartner.ch\/"},{"@type":"ListItem","position":2,"name":"Impressum"}]},{"@type":"WebSite","@id":"https:\/\/massagepraxis-baumgartner.ch\/#website","url":"https:\/\/massagepraxis-baumgartner.ch\/","name":"Massagepraxis Baumgartner","description":"Medizinische Masseurin EFA","publisher":{"@id":"https:\/\/massagepraxis-baumgartner.ch\/#organization"},"potentialAction":[{"@type":"SearchAction","target":{"@type":"EntryPoint","urlTemplate":"https:\/\/massagepraxis-baumgartner.ch\/?s={search_term_string}"},"query-input":{"@type":"PropertyValueSpecification","valueRequired":true,"valueName":"search_term_string"}}],"inLanguage":"de"},{"@type":"Organization","@id":"https:\/\/massagepraxis-baumgartner.ch\/#organization","name":"Massagepraxis Baumgartner","url":"https:\/\/massagepraxis-baumgartner.ch\/","logo":{"@type":"ImageObject","inLanguage":"de","@id":"https:\/\/massagepraxis-baumgartner.ch\/#\/schema\/logo\/image\/","url":"https:\/\/massagepraxis-baumgartner.ch\/wp-content\/uploads\/2023\/06\/Baumgartner_Logo_cmyk.png","contentUrl":"https:\/\/massagepraxis-baumgartner.ch\/wp-content\/uploads\/2023\/06\/Baumgartner_Logo_cmyk.png","width":293,"height":82,"caption":"Massagepraxis Baumgartner"},"image":{"@id":"https:\/\/massagepraxis-baumgartner.ch\/#\/schema\/logo\/image\/"}}]}},"_links":{"self":[{"href":"https:\/\/massagepraxis-baumgartner.ch\/index.php?rest_route=\/wp\/v2\/pages\/90","targetHints":{"allow":["GET"]}}],"collection":[{"href":"https:\/\/massagepraxis-baumgartner.ch\/index.php?rest_route=\/wp\/v2\/pages"}],"about":[{"href":"https:\/\/massagepraxis-baumgartner.ch\/index.php?rest_route=\/wp\/v2\/types\/page"}],"author":[{"embeddable":true,"href":"https:\/\/massagepraxis-baumgartner.ch\/index.php?rest_route=\/wp\/v2\/users\/1"}],"replies":[{"embeddable":true,"href":"https:\/\/massagepraxis-baumgartner.ch\/index.php?rest_route=%2Fwp%2Fv2%2Fcomments&post=90"}],"version-history":[{"count":2,"href":"https:\/\/massagepraxis-baumgartner.ch\/index.php?rest_route=\/wp\/v2\/pages\/90\/revisions"}],"predecessor-version":[{"id":281,"href":"https:\/\/massagepraxis-baumgartner.ch\/index.php?rest_route=\/wp\/v2\/pages\/90\/revisions\/281"}],"wp:attachment":[{"href":"https:\/\/massagepraxis-baumgartner.ch\/index.php?rest_route=%2Fwp%2Fv2%2Fmedia&parent=90"}],"curies":[{"name":"wp","href":"https:\/\/api.w.org\/{rel}","templated":true}]}}